{"id":686,"date":"2025-09-27T07:32:34","date_gmt":"2025-09-27T07:32:34","guid":{"rendered":"https:\/\/eurotech-gmbh.com\/economisch-en-juridisch-advies\/"},"modified":"2025-09-27T08:56:59","modified_gmt":"2025-09-27T08:56:59","slug":"economisch-en-juridisch-advies","status":"publish","type":"page","link":"https:\/\/eurotech-gmbh.com\/de\/economisch-en-juridisch-advies\/","title":{"rendered":"Economisch en juridisch advies"},"content":{"rendered":"\t\t<div data-elementor-type=\"wp-page\" data-elementor-id=\"686\" class=\"elementor elementor-686\">\n\t\t\t\t<div class=\"elementor-element elementor-element-0af3c54 e-flex e-con-boxed e-con e-parent\" data-id=\"0af3c54\" data-element_type=\"container\" data-e-type=\"container\">\n\t\t\t\t\t<div class=\"e-con-inner\">\n\t\t\t\t<div class=\"elementor-element elementor-element-f0a42cf ahura-dark-mode-filter-texts-no elementor-widget elementor-widget-text-editor\" data-id=\"f0a42cf\" data-element_type=\"widget\" data-e-type=\"widget\" data-widget_type=\"text-editor.default\">\n\t\t\t\t<div class=\"elementor-widget-container\">\n\t\t\t\t\t\t\t\t\t<p>Economical Advisor<\/p>\t\t\t\t\t\t\t\t<\/div>\n\t\t\t\t<\/div>\n\t\t\t\t<div class=\"elementor-element elementor-element-1c5f69c ahura-dark-mode-filter-texts-no elementor-widget elementor-widget-text-editor\" data-id=\"1c5f69c\" data-element_type=\"widget\" data-e-type=\"widget\" data-widget_type=\"text-editor.default\">\n\t\t\t\t<div class=\"elementor-widget-container\">\n\t\t\t\t\t\t\t\t\t<p>Wir verf\u00fcgen in unterschiedlichen Wirtschaftszweigen \u00fcber exzellente Beziehungen, Kontakte und Strategien, um Ihre wirtschaftlichen Ziele zu f\u00f6rdern und Sie nachhaltig zu unterst\u00fctzen. Profitieren Sie von unserer langj\u00e4hrigen Erfahrung und nutzen Sie unsere Plattform als Sprungbrett f\u00fcr Ihren erfolgreichen Markteintritt zwischen Europa und dem Nahen sowie Mittleren Osten.<\/p><div>\u00a0<\/div>\t\t\t\t\t\t\t\t<\/div>\n\t\t\t\t<\/div>\n\t\t\t\t\t<\/div>\n\t\t\t\t<\/div>\n\t\t<div class=\"elementor-element elementor-element-e061d7f e-flex e-con-boxed e-con e-parent\" data-id=\"e061d7f\" data-element_type=\"container\" data-e-type=\"container\">\n\t\t\t\t\t<div class=\"e-con-inner\">\n\t\t\t\t<div class=\"elementor-element elementor-element-f1adcca ahura-dark-mode-filter-texts-no elementor-widget elementor-widget-text-editor\" data-id=\"f1adcca\" data-element_type=\"widget\" data-e-type=\"widget\" data-widget_type=\"text-editor.default\">\n\t\t\t\t<div class=\"elementor-widget-container\">\n\t\t\t\t\t\t\t\t\t<p>Legal Solutions<\/p>\t\t\t\t\t\t\t\t<\/div>\n\t\t\t\t<\/div>\n\t\t\t\t<div class=\"elementor-element elementor-element-d28e0f8 ahura-dark-mode-filter-texts-no elementor-widget elementor-widget-text-editor\" data-id=\"d28e0f8\" data-element_type=\"widget\" data-e-type=\"widget\" data-widget_type=\"text-editor.default\">\n\t\t\t\t<div class=\"elementor-widget-container\">\n\t\t\t\t\t\t\t\t\t<p>Unser Team aus international erfahrenen Rechtsanw\u00e4lten begleitet Sie umfassend in den Bereichen Vertragsverhandlungen, Erwerb von Niederlassungsrechten, Pr\u00fcfung von Sanktionsrecht, Aufenthalts- und Ausl\u00e4nderrecht sowie Wirtschaftsrecht. Dazu z\u00e4hlen insbesondere Firmengr\u00fcndung, Firmenbewertung, Erwerb und Ver\u00e4u\u00dferung von Unternehmen sowie die Vertretung in Streitverfahren.<\/p>\t\t\t\t\t\t\t\t<\/div>\n\t\t\t\t<\/div>\n\t\t\t\t<div class=\"elementor-element elementor-element-39cec83 ahura-dark-mode-filter-texts-no elementor-widget elementor-widget-text-editor\" data-id=\"39cec83\" data-element_type=\"widget\" data-e-type=\"widget\" data-widget_type=\"text-editor.default\">\n\t\t\t\t<div class=\"elementor-widget-container\">\n\t\t\t\t\t\t\t\t\t<p>Negotiation Services<\/p>\t\t\t\t\t\t\t\t<\/div>\n\t\t\t\t<\/div>\n\t\t\t\t<div class=\"elementor-element elementor-element-90872af ahura-dark-mode-filter-texts-no elementor-widget elementor-widget-text-editor\" data-id=\"90872af\" data-element_type=\"widget\" data-e-type=\"widget\" data-widget_type=\"text-editor.default\">\n\t\t\t\t<div class=\"elementor-widget-container\">\n\t\t\t\t\t\t\t\t\t<p>Mit unserem hochprofessionellen Verhandlungsteam \u00fcbernehmen wir f\u00fcr Sie den Erwerb von Produkten, die Platzierung Ihrer Produkte am Markt sowie die F\u00fchrung sensibler Gespr\u00e4che. Unterschiedlichste Branchen vertrauen dabei auf unsere Expertise.<\/p>\t\t\t\t\t\t\t\t<\/div>\n\t\t\t\t<\/div>\n\t\t\t\t<div class=\"elementor-element elementor-element-5eac41e ahura-dark-mode-filter-texts-no elementor-widget elementor-widget-text-editor\" data-id=\"5eac41e\" data-element_type=\"widget\" data-e-type=\"widget\" data-widget_type=\"text-editor.default\">\n\t\t\t\t<div class=\"elementor-widget-container\">\n\t\t\t\t\t\t\t\t\t<p>Eurotech \u2013 Wir bauen Br\u00fccken, wo es noch keine gibt, oder wo sie besch\u00e4digt wurden.<\/p>\t\t\t\t\t\t\t\t<\/div>\n\t\t\t\t<\/div>\n\t\t\t\t<div class=\"elementor-element elementor-element-51b6e07 ahura-dark-mode-filter-texts-no elementor-widget elementor-widget-text-editor\" data-id=\"51b6e07\" data-element_type=\"widget\" data-e-type=\"widget\" data-widget_type=\"text-editor.default\">\n\t\t\t\t<div class=\"elementor-widget-container\">\n\t\t\t\t\t\t\t\t\t<p><span class=\"x19la9d6 x1fc57z9 x6ikm8r x10wlt62 x19co3pv x1g5zs5t xfibh0p xiy17q3 x1xsqp64 x1lkfr7t xexx8yu xyri2b x18d9i69 x1c1uobl\"><span class=\"xrtxmta x1bhl96m\">\ud83d\udc49<\/span><\/span><span class=\"selectable-text copyable-text xkrh14z\"> [Kontakt aufnehmen]<\/span><\/p>\t\t\t\t\t\t\t\t<\/div>\n\t\t\t\t<\/div>\n\t\t\t\t\t<\/div>\n\t\t\t\t<\/div>\n\t\t\t\t<\/div>\n\t\t","protected":false},"excerpt":{"rendered":"<p>Economical Advisor Wir verf\u00fcgen in unterschiedlichen Wirtschaftszweigen \u00fcber exzellente Beziehungen, Kontakte und Strategien, um Ihre wirtschaftlichen Ziele zu f\u00f6rdern und Sie nachhaltig zu unterst\u00fctzen. Profitieren Sie von unserer langj\u00e4hrigen Erfahrung&#8230;<\/p>\n","protected":false},"author":3,"featured_media":0,"parent":0,"menu_order":0,"comment_status":"closed","ping_status":"closed","template":"","meta":{"nf_dc_page":"","footnotes":""},"class_list":["post-686","page","type-page","status-publish","hentry"],"_links":{"self":[{"href":"https:\/\/eurotech-gmbh.com\/de\/wp-json\/wp\/v2\/pages\/686","targetHints":{"allow":["GET"]}}],"collection":[{"href":"https:\/\/eurotech-gmbh.com\/de\/wp-json\/wp\/v2\/pages"}],"about":[{"href":"https:\/\/eurotech-gmbh.com\/de\/wp-json\/wp\/v2\/types\/page"}],"author":[{"embeddable":true,"href":"https:\/\/eurotech-gmbh.com\/de\/wp-json\/wp\/v2\/users\/3"}],"replies":[{"embeddable":true,"href":"https:\/\/eurotech-gmbh.com\/de\/wp-json\/wp\/v2\/comments?post=686"}],"version-history":[{"count":4,"href":"https:\/\/eurotech-gmbh.com\/de\/wp-json\/wp\/v2\/pages\/686\/revisions"}],"predecessor-version":[{"id":693,"href":"https:\/\/eurotech-gmbh.com\/de\/wp-json\/wp\/v2\/pages\/686\/revisions\/693"}],"wp:attachment":[{"href":"https:\/\/eurotech-gmbh.com\/de\/wp-json\/wp\/v2\/media?parent=686"}],"curies":[{"name":"wp","href":"https:\/\/api.w.org\/{rel}","templated":true}]}}