{"id":618,"date":"2025-09-09T12:24:02","date_gmt":"2025-09-09T12:24:02","guid":{"rendered":"https:\/\/eurotech-gmbh.com\/active-ingredients-for-cosmetics\/"},"modified":"2025-09-13T09:32:32","modified_gmt":"2025-09-13T09:32:32","slug":"active-ingredients-for-cosmetics","status":"publish","type":"page","link":"https:\/\/eurotech-gmbh.com\/de\/active-ingredients-for-cosmetics\/","title":{"rendered":"Wirkstoffe f\u00fcr Kosmetik"},"content":{"rendered":"\t\t<div data-elementor-type=\"wp-page\" data-elementor-id=\"618\" class=\"elementor elementor-618\">\n\t\t\t\t<div class=\"elementor-element elementor-element-bc07944 e-flex e-con-boxed e-con e-parent\" data-id=\"bc07944\" data-element_type=\"container\" data-e-type=\"container\">\n\t\t\t\t\t<div class=\"e-con-inner\">\n\t\t\t\t\t<\/div>\n\t\t\t\t<\/div>\n\t\t<div class=\"elementor-element elementor-element-dda1c2f e-flex e-con-boxed e-con e-parent\" data-id=\"dda1c2f\" data-element_type=\"container\" data-e-type=\"container\">\n\t\t\t\t\t<div class=\"e-con-inner\">\n\t\t\t\t<div class=\"elementor-element elementor-element-366bb89 ahura-dark-mode-filter-texts-no elementor-widget elementor-widget-text-editor\" data-id=\"366bb89\" data-element_type=\"widget\" data-e-type=\"widget\" data-widget_type=\"text-editor.default\">\n\t\t\t\t<div class=\"elementor-widget-container\">\n\t\t\t\t\t\t\t\t\t<p>Unser Unternehmen ist auf Wirkstoffe f\u00fcr Kosmetik spezialisiert, insbesondere f\u00fcr Hautpflege, K\u00f6rperpflege, Haarpflege, Sonnenschutz und M\u00e4nnerpflege.<\/p>\t\t\t\t\t\t\t\t<\/div>\n\t\t\t\t<\/div>\n\t\t\t\t\t<\/div>\n\t\t\t\t<\/div>\n\t\t<div class=\"elementor-element elementor-element-412662e e-flex e-con-boxed e-con e-parent\" data-id=\"412662e\" data-element_type=\"container\" data-e-type=\"container\">\n\t\t\t\t\t<div class=\"e-con-inner\">\n\t\t\t\t<div class=\"elementor-element elementor-element-ff96e00 ahura-dark-mode-filter-texts-no elementor-widget elementor-widget-text-editor\" data-id=\"ff96e00\" data-element_type=\"widget\" data-e-type=\"widget\" data-widget_type=\"text-editor.default\">\n\t\t\t\t<div class=\"elementor-widget-container\">\n\t\t\t\t\t\t\t\t\t<p>Wir liefern verschiedene formulierte Inhaltsstoffe, darunter:<\/p>\t\t\t\t\t\t\t\t<\/div>\n\t\t\t\t<\/div>\n\t\t\t\t\t<\/div>\n\t\t\t\t<\/div>\n\t\t<div class=\"elementor-element elementor-element-ca1e18e e-flex e-con-boxed e-con e-parent\" data-id=\"ca1e18e\" data-element_type=\"container\" data-e-type=\"container\">\n\t\t\t\t\t<div class=\"e-con-inner\">\n\t\t\t\t<div class=\"elementor-element elementor-element-4bf3caf ahura-dark-mode-filter-texts-no elementor-widget elementor-widget-text-editor\" data-id=\"4bf3caf\" data-element_type=\"widget\" data-e-type=\"widget\" data-widget_type=\"text-editor.default\">\n\t\t\t\t<div class=\"elementor-widget-container\">\n\t\t\t\t\t\t\t\t\t<p>www.crodabeauty.com<\/p>\t\t\t\t\t\t\t\t<\/div>\n\t\t\t\t<\/div>\n\t\t\t\t\t<\/div>\n\t\t\t\t<\/div>\n\t\t<div class=\"elementor-element elementor-element-a4f6fa4 e-flex e-con-boxed e-con e-parent\" data-id=\"a4f6fa4\" data-element_type=\"container\" data-e-type=\"container\">\n\t\t\t\t\t<div class=\"e-con-inner\">\n\t\t\t\t<div class=\"elementor-element elementor-element-4012df5 ahura-dark-mode-filter-texts-no elementor-widget elementor-widget-text-editor\" data-id=\"4012df5\" data-element_type=\"widget\" data-e-type=\"widget\" data-widget_type=\"text-editor.default\">\n\t\t\t\t<div class=\"elementor-widget-container\">\n\t\t\t\t\t\t\t\t\t<p>Matrixyl\u00ae (eingef\u00fchrt 2000): Ein bahnbrechendes Peptid, das den Beginn der \u00c4ra der AntiFalten-Peptide markierte; weithin anerkannt mit Auszeichnungen wie \u201e25 Years of<br \/>Innovation\u201c bei in-cosmetics.<\/p>\t\t\t\t\t\t\t\t<\/div>\n\t\t\t\t<\/div>\n\t\t\t\t\t<\/div>\n\t\t\t\t<\/div>\n\t\t<div class=\"elementor-element elementor-element-10ace1e e-flex e-con-boxed e-con e-parent\" data-id=\"10ace1e\" data-element_type=\"container\" data-e-type=\"container\">\n\t\t\t\t\t<div class=\"e-con-inner\">\n\t\t\t\t<div class=\"elementor-element elementor-element-e5d15f6 ahura-dark-mode-filter-texts-no elementor-widget elementor-widget-text-editor\" data-id=\"e5d15f6\" data-element_type=\"widget\" data-e-type=\"widget\" data-widget_type=\"text-editor.default\">\n\t\t\t\t<div class=\"elementor-widget-container\">\n\t\t\t\t\t\t\t\t\t<p>Majestem\u2122: Ein Inhaltsstoff, gewonnen aus Pflanzenzellkulturen von Edelweiss, ausgezeichnet mit dem Silver Green Award bei in-cosmetics 2016 f\u00fcr seine hautstraffenden Eigenschaften und Nachhaltigkeitsnachweise<\/p>\t\t\t\t\t\t\t\t<\/div>\n\t\t\t\t<\/div>\n\t\t\t\t\t<\/div>\n\t\t\t\t<\/div>\n\t\t<div class=\"elementor-element elementor-element-36fa118 e-flex e-con-boxed e-con e-parent\" data-id=\"36fa118\" data-element_type=\"container\" data-e-type=\"container\">\n\t\t\t\t\t<div class=\"e-con-inner\">\n\t\t\t\t<div class=\"elementor-element elementor-element-ccee643 ahura-dark-mode-filter-texts-no elementor-widget elementor-widget-text-editor\" data-id=\"ccee643\" data-element_type=\"widget\" data-e-type=\"widget\" data-widget_type=\"text-editor.default\">\n\t\t\t\t<div class=\"elementor-widget-container\">\n\t\t\t\t\t\t\t\t\t<p>ReVitAlide\u2122: Eine raffinierte verkapselte Retinol-Formulierung, die die Stabilit\u00e4t verbessert,<br \/>die Freisetzung steuert, die Hautpenetration erh\u00f6ht und einen nat\u00fcrlichen Ursprung von 95,5<br \/>% aufweist.<\/p>\t\t\t\t\t\t\t\t<\/div>\n\t\t\t\t<\/div>\n\t\t\t\t\t<\/div>\n\t\t\t\t<\/div>\n\t\t<div class=\"elementor-element elementor-element-aa3f32a e-flex e-con-boxed e-con e-parent\" data-id=\"aa3f32a\" data-element_type=\"container\" data-e-type=\"container\">\n\t\t\t\t\t<div class=\"e-con-inner\">\n\t\t\t\t<div class=\"elementor-element elementor-element-abd3cd9 ahura-dark-mode-filter-texts-no elementor-widget elementor-widget-text-editor\" data-id=\"abd3cd9\" data-element_type=\"widget\" data-e-type=\"widget\" data-widget_type=\"text-editor.default\">\n\t\t\t\t<div class=\"elementor-widget-container\">\n\t\t\t\t\t\t\t\t\t<p>Mel[O]stem: Zielt sowohl auf Hyperpigmentierung als auch auf Hypopigmentierung ab,<br \/>indem es die Aktivit\u00e4t der Melanozyten ausgleicht. Gewonnen aus Pflanzenzellkultur mit<br \/>bemerkenswerter Nachhaltigkeit und einer Verbesserung der Ebenm\u00e4\u00dfigkeit des Teints um<br \/>64 % in klinischen Studien.<\/p>\t\t\t\t\t\t\t\t<\/div>\n\t\t\t\t<\/div>\n\t\t\t\t\t<\/div>\n\t\t\t\t<\/div>\n\t\t<div class=\"elementor-element elementor-element-c3202d8 e-flex e-con-boxed e-con e-parent\" data-id=\"c3202d8\" data-element_type=\"container\" data-e-type=\"container\">\n\t\t\t\t\t<div class=\"e-con-inner\">\n\t\t\t\t<div class=\"elementor-element elementor-element-5e7d3e6 ahura-dark-mode-filter-texts-no elementor-widget elementor-widget-text-editor\" data-id=\"5e7d3e6\" data-element_type=\"widget\" data-e-type=\"widget\" data-widget_type=\"text-editor.default\">\n\t\t\t\t<div class=\"elementor-widget-container\">\n\t\t\t\t\t\t\t\t\t<p>PoreTect: Entwickelt, um das Erscheinungsbild vergr\u00f6\u00dferter Poren zu reduzieren und die<br \/>Hautstruktur zu verbessern, durch eine Mischung aus nat\u00fcrlichen Peptiden und<br \/>Selleriesamenextrakt.<\/p>\t\t\t\t\t\t\t\t<\/div>\n\t\t\t\t<\/div>\n\t\t\t\t\t<\/div>\n\t\t\t\t<\/div>\n\t\t<div class=\"elementor-element elementor-element-c995d6a e-flex e-con-boxed e-con e-parent\" data-id=\"c995d6a\" data-element_type=\"container\" data-e-type=\"container\">\n\t\t\t\t\t<div class=\"e-con-inner\">\n\t\t\t\t<div class=\"elementor-element elementor-element-cae8b8b ahura-dark-mode-filter-texts-no elementor-widget elementor-widget-text-editor\" data-id=\"cae8b8b\" data-element_type=\"widget\" data-e-type=\"widget\" data-widget_type=\"text-editor.default\">\n\t\t\t\t<div class=\"elementor-widget-container\">\n\t\t\t\t\t\t\t\t\t<p>Senestem: Gilt als der erste Anti-Aging-Wirkstoff, der auf Mikro-RNAs in der Haut abzielt \u2013<br \/>derzeit noch nicht weit verbreitet, aber eine bemerkenswerte Entwicklung in Sederma\u2018s<br \/>Innovationspipeline.<\/p>\t\t\t\t\t\t\t\t<\/div>\n\t\t\t\t<\/div>\n\t\t\t\t\t<\/div>\n\t\t\t\t<\/div>\n\t\t<div class=\"elementor-element elementor-element-94c54f2 e-flex e-con-boxed e-con e-parent\" data-id=\"94c54f2\" data-element_type=\"container\" data-e-type=\"container\">\n\t\t\t\t\t<div class=\"e-con-inner\">\n\t\t\t\t<div class=\"elementor-element elementor-element-ae08e3e ahura-dark-mode-filter-texts-no elementor-widget elementor-widget-text-editor\" data-id=\"ae08e3e\" data-element_type=\"widget\" data-e-type=\"widget\" data-widget_type=\"text-editor.default\">\n\t\t\t\t<div class=\"elementor-widget-container\">\n\t\t\t\t\t\t\t\t\t<p>Ameyzing: Wirkt gegen dunkle Augenringe und Pigmentierung um die Augen, unter Einsatz<br \/>eines \u00f6kologisch gestalteten, biobasierten Extraktionsverfahrens aus Ingwer-Rhizomen aus<br \/>Madagaskar.<\/p>\t\t\t\t\t\t\t\t<\/div>\n\t\t\t\t<\/div>\n\t\t\t\t\t<\/div>\n\t\t\t\t<\/div>\n\t\t<div class=\"elementor-element elementor-element-72e5569 e-flex e-con-boxed e-con e-parent\" data-id=\"72e5569\" data-element_type=\"container\" data-e-type=\"container\">\n\t\t\t\t\t<div class=\"e-con-inner\">\n\t\t\t\t<div class=\"elementor-element elementor-element-5b486b0 ahura-dark-mode-filter-texts-no elementor-widget elementor-widget-text-editor\" data-id=\"5b486b0\" data-element_type=\"widget\" data-e-type=\"widget\" data-widget_type=\"text-editor.default\">\n\t\t\t\t<div class=\"elementor-widget-container\">\n\t\t\t\t\t\t\t\t\t<p>CK2200 (RHODOPHYTA)<\/p>\t\t\t\t\t\t\t\t<\/div>\n\t\t\t\t<\/div>\n\t\t\t\t\t<\/div>\n\t\t\t\t<\/div>\n\t\t<div class=\"elementor-element elementor-element-a587754 e-flex e-con-boxed e-con e-parent\" data-id=\"a587754\" data-element_type=\"container\" data-e-type=\"container\">\n\t\t\t\t\t<div class=\"e-con-inner\">\n\t\t\t\t<div class=\"elementor-element elementor-element-3ee53b8 ahura-dark-mode-filter-texts-no elementor-widget elementor-widget-text-editor\" data-id=\"3ee53b8\" data-element_type=\"widget\" data-e-type=\"widget\" data-widget_type=\"text-editor.default\">\n\t\t\t\t<div class=\"elementor-widget-container\">\n\t\t\t\t\t\t\t\t\t<p>1120 (CHONDRUS CRISPUS)<\/p>\t\t\t\t\t\t\t\t<\/div>\n\t\t\t\t<\/div>\n\t\t\t\t<div class=\"elementor-element elementor-element-cbeb16a ahura-dark-mode-filter-texts-no elementor-widget elementor-widget-text-editor\" data-id=\"cbeb16a\" data-element_type=\"widget\" data-e-type=\"widget\" data-widget_type=\"text-editor.default\">\n\t\t\t\t<div class=\"elementor-widget-container\">\n\t\t\t\t\t\t\t\t\t<p>DL161 (CHONDRUS CRISPUS, CERATONIA SILIQUA, Kaliumchlorid)<\/p>\t\t\t\t\t\t\t\t<\/div>\n\t\t\t\t<\/div>\n\t\t\t\t\t<\/div>\n\t\t\t\t<\/div>\n\t\t<div class=\"elementor-element elementor-element-9dfe90d e-flex e-con-boxed e-con e-parent\" data-id=\"9dfe90d\" data-element_type=\"container\" data-e-type=\"container\">\n\t\t\t\t\t<div class=\"e-con-inner\">\n\t\t\t\t<div class=\"elementor-element elementor-element-13967a8 ahura-dark-mode-filter-texts-no elementor-widget elementor-widget-text-editor\" data-id=\"13967a8\" data-element_type=\"widget\" data-e-type=\"widget\" data-widget_type=\"text-editor.default\">\n\t\t\t\t<div class=\"elementor-widget-container\">\n\t\t\t\t\t\t\t\t\t<p>Color Powder (Gold)<\/p>\t\t\t\t\t\t\t\t<\/div>\n\t\t\t\t<\/div>\n\t\t\t\t\t<\/div>\n\t\t\t\t<\/div>\n\t\t<div class=\"elementor-element elementor-element-9560a83 e-flex e-con-boxed e-con e-parent\" data-id=\"9560a83\" data-element_type=\"container\" data-e-type=\"container\">\n\t\t\t\t\t<div class=\"e-con-inner\">\n\t\t\t\t<div class=\"elementor-element elementor-element-d1f7eea ahura-dark-mode-filter-texts-no elementor-widget elementor-widget-text-editor\" data-id=\"d1f7eea\" data-element_type=\"widget\" data-e-type=\"widget\" data-widget_type=\"text-editor.default\">\n\t\t\t\t<div class=\"elementor-widget-container\">\n\t\t\t\t\t\t\t\t\t<p>Color Powder (Purple)<\/p>\t\t\t\t\t\t\t\t<\/div>\n\t\t\t\t<\/div>\n\t\t\t\t\t<\/div>\n\t\t\t\t<\/div>\n\t\t<div class=\"elementor-element elementor-element-2e961ad e-flex e-con-boxed e-con e-parent\" data-id=\"2e961ad\" data-element_type=\"container\" data-e-type=\"container\">\n\t\t\t\t\t<div class=\"e-con-inner\">\n\t\t\t\t<div class=\"elementor-element elementor-element-21f039b ahura-dark-mode-filter-texts-no elementor-widget elementor-widget-text-editor\" data-id=\"21f039b\" data-element_type=\"widget\" data-e-type=\"widget\" data-widget_type=\"text-editor.default\">\n\t\t\t\t<div class=\"elementor-widget-container\">\n\t\t\t\t\t\t\t\t\t<p>Color Powder (Red)<\/p>\t\t\t\t\t\t\t\t<\/div>\n\t\t\t\t<\/div>\n\t\t\t\t\t<\/div>\n\t\t\t\t<\/div>\n\t\t<div class=\"elementor-element elementor-element-93a25b3 e-flex e-con-boxed e-con e-parent\" data-id=\"93a25b3\" data-element_type=\"container\" data-e-type=\"container\">\n\t\t\t\t\t<div class=\"e-con-inner\">\n\t\t\t\t<div class=\"elementor-element elementor-element-257edf2 ahura-dark-mode-filter-texts-no elementor-widget elementor-widget-text-editor\" data-id=\"257edf2\" data-element_type=\"widget\" data-e-type=\"widget\" data-widget_type=\"text-editor.default\">\n\t\t\t\t<div class=\"elementor-widget-container\">\n\t\t\t\t\t\t\t\t\t<p>Color Powder (Blue)<\/p>\t\t\t\t\t\t\t\t<\/div>\n\t\t\t\t<\/div>\n\t\t\t\t\t<\/div>\n\t\t\t\t<\/div>\n\t\t<div class=\"elementor-element elementor-element-6bfa7c2 e-flex e-con-boxed e-con e-parent\" data-id=\"6bfa7c2\" data-element_type=\"container\" data-e-type=\"container\">\n\t\t\t\t\t<div class=\"e-con-inner\">\n\t\t\t\t<div class=\"elementor-element elementor-element-b06bb1c ahura-dark-mode-filter-texts-no elementor-widget elementor-widget-text-editor\" data-id=\"b06bb1c\" data-element_type=\"widget\" data-e-type=\"widget\" data-widget_type=\"text-editor.default\">\n\t\t\t\t<div class=\"elementor-widget-container\">\n\t\t\t\t\t\t\t\t\t<p>Color Powder (Green)<\/p>\t\t\t\t\t\t\t\t<\/div>\n\t\t\t\t<\/div>\n\t\t\t\t\t<\/div>\n\t\t\t\t<\/div>\n\t\t<div class=\"elementor-element elementor-element-a79030f e-flex e-con-boxed e-con e-parent\" data-id=\"a79030f\" data-element_type=\"container\" data-e-type=\"container\">\n\t\t\t\t\t<div class=\"e-con-inner\">\n\t\t\t\t<div class=\"elementor-element elementor-element-2b37967 ahura-dark-mode-filter-texts-no elementor-widget elementor-widget-text-editor\" data-id=\"2b37967\" data-element_type=\"widget\" data-e-type=\"widget\" data-widget_type=\"text-editor.default\">\n\t\t\t\t<div class=\"elementor-widget-container\">\n\t\t\t\t\t\t\t\t\t<p>Powder (Glitter)<\/p>\t\t\t\t\t\t\t\t<\/div>\n\t\t\t\t<\/div>\n\t\t\t\t\t<\/div>\n\t\t\t\t<\/div>\n\t\t\t\t<\/div>\n\t\t","protected":false},"excerpt":{"rendered":"<p>Unser Unternehmen ist auf Wirkstoffe f\u00fcr Kosmetik spezialisiert, insbesondere f\u00fcr Hautpflege, K\u00f6rperpflege, Haarpflege, Sonnenschutz und M\u00e4nnerpflege. Wir liefern verschiedene formulierte Inhaltsstoffe, darunter: www.crodabeauty.com Matrixyl\u00ae (eingef\u00fchrt 2000): Ein bahnbrechendes Peptid, das&#8230;<\/p>\n","protected":false},"author":3,"featured_media":0,"parent":0,"menu_order":0,"comment_status":"closed","ping_status":"closed","template":"fullwidth-page.php","meta":{"nf_dc_page":"","footnotes":""},"class_list":["post-618","page","type-page","status-publish","hentry"],"_links":{"self":[{"href":"https:\/\/eurotech-gmbh.com\/de\/wp-json\/wp\/v2\/pages\/618","targetHints":{"allow":["GET"]}}],"collection":[{"href":"https:\/\/eurotech-gmbh.com\/de\/wp-json\/wp\/v2\/pages"}],"about":[{"href":"https:\/\/eurotech-gmbh.com\/de\/wp-json\/wp\/v2\/types\/page"}],"author":[{"embeddable":true,"href":"https:\/\/eurotech-gmbh.com\/de\/wp-json\/wp\/v2\/users\/3"}],"replies":[{"embeddable":true,"href":"https:\/\/eurotech-gmbh.com\/de\/wp-json\/wp\/v2\/comments?post=618"}],"version-history":[{"count":5,"href":"https:\/\/eurotech-gmbh.com\/de\/wp-json\/wp\/v2\/pages\/618\/revisions"}],"predecessor-version":[{"id":639,"href":"https:\/\/eurotech-gmbh.com\/de\/wp-json\/wp\/v2\/pages\/618\/revisions\/639"}],"wp:attachment":[{"href":"https:\/\/eurotech-gmbh.com\/de\/wp-json\/wp\/v2\/media?parent=618"}],"curies":[{"name":"wp","href":"https:\/\/api.w.org\/{rel}","templated":true}]}}