{"id":481,"date":"2024-10-07T09:44:41","date_gmt":"2024-10-07T09:44:41","guid":{"rendered":"https:\/\/eurotech-gmbh.com\/tpu-laminierte-vliesstoffe\/"},"modified":"2024-10-12T21:37:14","modified_gmt":"2024-10-12T21:37:14","slug":"tpu-laminierte-vliesstoffe","status":"publish","type":"page","link":"https:\/\/eurotech-gmbh.com\/de\/tpu-laminierte-vliesstoffe\/","title":{"rendered":"TPU"},"content":{"rendered":"\t\t<div data-elementor-type=\"wp-page\" data-elementor-id=\"481\" class=\"elementor elementor-481\">\n\t\t\t\t<div class=\"elementor-element elementor-element-839e437 e-flex e-con-boxed e-con e-parent\" data-id=\"839e437\" data-element_type=\"container\" data-e-type=\"container\">\n\t\t\t\t\t<div class=\"e-con-inner\">\n\t\t<div class=\"elementor-element elementor-element-28ac211 e-con-full e-flex e-con e-child\" data-id=\"28ac211\" data-element_type=\"container\" data-e-type=\"container\">\n\t\t\t\t<div class=\"elementor-element elementor-element-38dee25 ahura-dark-mode-filter-texts-no elementor-widget elementor-widget-text-editor\" data-id=\"38dee25\" data-element_type=\"widget\" data-e-type=\"widget\" data-widget_type=\"text-editor.default\">\n\t\t\t\t<div class=\"elementor-widget-container\">\n\t\t\t\t\t\t\t\t\t<p>One of our core businesses is lamination of TPU films to various substrates such as nonwovens. TPU has an excellend heat resistance and it is an ideal soloution for PU injected parts since it has excellent bonding properties to PU while avoiding PU to pass through the secondary substrates e.g. nonwovens.<\/p><p>Applications:<br \/>&#8211; Automotive interior trim<\/p>\t\t\t\t\t\t\t\t<\/div>\n\t\t\t\t<\/div>\n\t\t\t\t<\/div>\n\t\t<div class=\"elementor-element elementor-element-171ac98 e-con-full e-flex e-con e-child\" data-id=\"171ac98\" data-element_type=\"container\" data-e-type=\"container\">\n\t\t<div class=\"elementor-element elementor-element-9d6d7fd e-con-full e-flex e-con e-child\" data-id=\"9d6d7fd\" data-element_type=\"container\" data-e-type=\"container\">\n\t\t\t\t<div class=\"elementor-element elementor-element-65a320a ahura-dark-mode-filter-texts-no elementor-widget elementor-widget-image\" data-id=\"65a320a\" data-element_type=\"widget\" data-e-type=\"widget\" data-widget_type=\"image.default\">\n\t\t\t\t<div class=\"elementor-widget-container\">\n\t\t\t\t\t\t\t\t\t\t\t\t\t\t\t<img fetchpriority=\"high\" decoding=\"async\" width=\"810\" height=\"540\" src=\"https:\/\/eurotech-gmbh.com\/wp-content\/uploads\/2024\/10\/tpu2.webp\" class=\"attachment-large size-large wp-image-322\" alt=\"\" srcset=\"https:\/\/eurotech-gmbh.com\/wp-content\/uploads\/2024\/10\/tpu2.webp 810w, https:\/\/eurotech-gmbh.com\/wp-content\/uploads\/2024\/10\/tpu2-300x200.webp 300w, https:\/\/eurotech-gmbh.com\/wp-content\/uploads\/2024\/10\/tpu2-768x512.webp 768w, https:\/\/eurotech-gmbh.com\/wp-content\/uploads\/2024\/10\/tpu2-600x400.webp 600w\" sizes=\"(max-width: 810px) 100vw, 810px\" \/>\t\t\t\t\t\t\t\t\t\t\t\t\t\t\t<\/div>\n\t\t\t\t<\/div>\n\t\t\t\t<\/div>\n\t\t\t\t<\/div>\n\t\t\t\t\t<\/div>\n\t\t\t\t<\/div>\n\t\t\t\t<\/div>\n\t\t","protected":false},"excerpt":{"rendered":"<p>Eines unserer Kerngesch\u00e4fte ist Laminierung von TPU-Folien auf verschiedene Substrate wie Nonwovens. TPU hat eine ausgezeichnete W\u00e4rmebest\u00e4ndigkeit und es ist eine ideale L\u00f6sung f\u00fcr PU Teile gespritzt, da es eine&#8230;<\/p>\n","protected":false},"author":2,"featured_media":0,"parent":0,"menu_order":0,"comment_status":"closed","ping_status":"closed","template":"fullwidth-page.php","meta":{"nf_dc_page":"","footnotes":""},"class_list":["post-481","page","type-page","status-publish","hentry"],"_links":{"self":[{"href":"https:\/\/eurotech-gmbh.com\/de\/wp-json\/wp\/v2\/pages\/481","targetHints":{"allow":["GET"]}}],"collection":[{"href":"https:\/\/eurotech-gmbh.com\/de\/wp-json\/wp\/v2\/pages"}],"about":[{"href":"https:\/\/eurotech-gmbh.com\/de\/wp-json\/wp\/v2\/types\/page"}],"author":[{"embeddable":true,"href":"https:\/\/eurotech-gmbh.com\/de\/wp-json\/wp\/v2\/users\/2"}],"replies":[{"embeddable":true,"href":"https:\/\/eurotech-gmbh.com\/de\/wp-json\/wp\/v2\/comments?post=481"}],"version-history":[{"count":1,"href":"https:\/\/eurotech-gmbh.com\/de\/wp-json\/wp\/v2\/pages\/481\/revisions"}],"predecessor-version":[{"id":505,"href":"https:\/\/eurotech-gmbh.com\/de\/wp-json\/wp\/v2\/pages\/481\/revisions\/505"}],"wp:attachment":[{"href":"https:\/\/eurotech-gmbh.com\/de\/wp-json\/wp\/v2\/media?parent=481"}],"curies":[{"name":"wp","href":"https:\/\/api.w.org\/{rel}","templated":true}]}}