{"id":477,"date":"2024-10-07T09:43:25","date_gmt":"2024-10-07T09:43:25","guid":{"rendered":"https:\/\/eurotech-gmbh.com\/automobil\/"},"modified":"2024-10-12T17:56:03","modified_gmt":"2024-10-12T17:56:03","slug":"automobil","status":"publish","type":"page","link":"https:\/\/eurotech-gmbh.com\/de\/automobil\/","title":{"rendered":"Automobil"},"content":{"rendered":"\t\t<div data-elementor-type=\"wp-page\" data-elementor-id=\"477\" class=\"elementor elementor-477\">\n\t\t\t\t<div class=\"elementor-element elementor-element-af06944 e-flex e-con-boxed e-con e-parent\" data-id=\"af06944\" data-element_type=\"container\" data-e-type=\"container\">\n\t\t\t\t\t<div class=\"e-con-inner\">\n\t\t<div class=\"elementor-element elementor-element-821608b e-con-full e-flex e-con e-child\" data-id=\"821608b\" data-element_type=\"container\" data-e-type=\"container\">\n\t\t\t\t<div class=\"elementor-element elementor-element-2c025a7 ahura-dark-mode-filter-texts-no elementor-widget elementor-widget-text-editor\" data-id=\"2c025a7\" data-element_type=\"widget\" data-e-type=\"widget\" data-widget_type=\"text-editor.default\">\n\t\t\t\t<div class=\"elementor-widget-container\">\n\t\t\t\t\t\t\t\t\t<p>Our product range is included thermo-fusible and thermo-formable parts as well as semi finished product for OEM. We have abilities to make the nonwovens in different thickness, stifness and physical properties for automotive interior trim<br \/>applications such as headliner, rear parcell shelfl and so on. Contract Laminating is also accepted<\/p>\t\t\t\t\t\t\t\t<\/div>\n\t\t\t\t<\/div>\n\t\t\t\t<\/div>\n\t\t<div class=\"elementor-element elementor-element-2826a80 e-con-full e-flex e-con e-child\" data-id=\"2826a80\" data-element_type=\"container\" data-e-type=\"container\">\n\t\t\t\t<div class=\"elementor-element elementor-element-6383e28 ahura-dark-mode-filter-texts-no elementor-widget elementor-widget-image\" data-id=\"6383e28\" data-element_type=\"widget\" data-e-type=\"widget\" data-widget_type=\"image.default\">\n\t\t\t\t<div class=\"elementor-widget-container\">\n\t\t\t\t\t\t\t\t\t\t\t\t\t\t\t<img fetchpriority=\"high\" decoding=\"async\" width=\"1024\" height=\"768\" src=\"https:\/\/eurotech-gmbh.com\/wp-content\/uploads\/2024\/10\/ff-1024x768.webp\" class=\"attachment-large size-large wp-image-183\" alt=\"\" srcset=\"https:\/\/eurotech-gmbh.com\/wp-content\/uploads\/2024\/10\/ff-1024x768.webp 1024w, https:\/\/eurotech-gmbh.com\/wp-content\/uploads\/2024\/10\/ff-300x225.webp 300w, https:\/\/eurotech-gmbh.com\/wp-content\/uploads\/2024\/10\/ff-768x576.webp 768w, https:\/\/eurotech-gmbh.com\/wp-content\/uploads\/2024\/10\/ff-600x450.webp 600w, https:\/\/eurotech-gmbh.com\/wp-content\/uploads\/2024\/10\/ff.webp 1280w\" sizes=\"(max-width: 1024px) 100vw, 1024px\" \/>\t\t\t\t\t\t\t\t\t\t\t\t\t\t\t<\/div>\n\t\t\t\t<\/div>\n\t\t\t\t<\/div>\n\t\t<div class=\"elementor-element elementor-element-1fa5256 e-con-full e-flex e-con e-child\" data-id=\"1fa5256\" data-element_type=\"container\" data-e-type=\"container\">\n\t\t\t\t<div class=\"elementor-element elementor-element-fe252d4 ahura-dark-mode-filter-texts-no elementor-widget elementor-widget-image\" data-id=\"fe252d4\" data-element_type=\"widget\" data-e-type=\"widget\" data-widget_type=\"image.default\">\n\t\t\t\t<div class=\"elementor-widget-container\">\n\t\t\t\t\t\t\t\t\t\t\t\t\t\t\t<img decoding=\"async\" width=\"980\" height=\"632\" src=\"https:\/\/eurotech-gmbh.com\/wp-content\/uploads\/2024\/10\/4121194_orig.webp\" class=\"attachment-large size-large wp-image-275\" alt=\"\" srcset=\"https:\/\/eurotech-gmbh.com\/wp-content\/uploads\/2024\/10\/4121194_orig.webp 980w, https:\/\/eurotech-gmbh.com\/wp-content\/uploads\/2024\/10\/4121194_orig-300x193.webp 300w, https:\/\/eurotech-gmbh.com\/wp-content\/uploads\/2024\/10\/4121194_orig-768x495.webp 768w, https:\/\/eurotech-gmbh.com\/wp-content\/uploads\/2024\/10\/4121194_orig-600x387.webp 600w\" sizes=\"(max-width: 980px) 100vw, 980px\" \/>\t\t\t\t\t\t\t\t\t\t\t\t\t\t\t<\/div>\n\t\t\t\t<\/div>\n\t\t\t\t<\/div>\n\t\t\t\t\t<\/div>\n\t\t\t\t<\/div>\n\t\t\t\t<\/div>\n\t\t","protected":false},"excerpt":{"rendered":"<p>Unsere Produktpalette ist im Preis enthalten w\u00e4rmeschmelzbare und thermo-formbare Teile sowie Halbfertigprodukt f\u00fcr OEM. Wir haben F\u00e4higkeiten, die Vliese in unterschiedlicher St\u00e4rke, Steifigkeit und physikalischen Eigenschaften f\u00fcr die Automobil-Innenverkleidungen zu&#8230;<\/p>\n","protected":false},"author":2,"featured_media":0,"parent":0,"menu_order":0,"comment_status":"closed","ping_status":"closed","template":"fullwidth-page.php","meta":{"nf_dc_page":"","footnotes":""},"class_list":["post-477","page","type-page","status-publish","hentry"],"_links":{"self":[{"href":"https:\/\/eurotech-gmbh.com\/de\/wp-json\/wp\/v2\/pages\/477","targetHints":{"allow":["GET"]}}],"collection":[{"href":"https:\/\/eurotech-gmbh.com\/de\/wp-json\/wp\/v2\/pages"}],"about":[{"href":"https:\/\/eurotech-gmbh.com\/de\/wp-json\/wp\/v2\/types\/page"}],"author":[{"embeddable":true,"href":"https:\/\/eurotech-gmbh.com\/de\/wp-json\/wp\/v2\/users\/2"}],"replies":[{"embeddable":true,"href":"https:\/\/eurotech-gmbh.com\/de\/wp-json\/wp\/v2\/comments?post=477"}],"version-history":[{"count":1,"href":"https:\/\/eurotech-gmbh.com\/de\/wp-json\/wp\/v2\/pages\/477\/revisions"}],"predecessor-version":[{"id":478,"href":"https:\/\/eurotech-gmbh.com\/de\/wp-json\/wp\/v2\/pages\/477\/revisions\/478"}],"wp:attachment":[{"href":"https:\/\/eurotech-gmbh.com\/de\/wp-json\/wp\/v2\/media?parent=477"}],"curies":[{"name":"wp","href":"https:\/\/api.w.org\/{rel}","templated":true}]}}